{"id":496,"date":"2025-02-20T13:50:54","date_gmt":"2025-02-20T12:50:54","guid":{"rendered":"https:\/\/www.exestudi.com\/inicio\/"},"modified":"2026-03-16T11:11:54","modified_gmt":"2026-03-16T10:11:54","slug":"inicio","status":"publish","type":"page","link":"http:\/\/www.exestudi.com\/es\/","title":{"rendered":"Inicio"},"content":{"rendered":"\t\t<div data-elementor-type=\"wp-page\" data-elementor-id=\"496\" class=\"elementor elementor-496 elementor-2\" data-elementor-post-type=\"page\">\n\t\t\t\t<div class=\"elementor-element elementor-element-624ead20 e-flex e-con-boxed e-con e-parent\" data-id=\"624ead20\" data-element_type=\"container\" id=\"main-content\" data-settings=\"{&quot;background_background&quot;:&quot;classic&quot;}\">\n\t\t\t\t\t<div class=\"e-con-inner\">\n\t\t\t\t<div class=\"elementor-element elementor-element-5590c83 elementor-widget elementor-widget-heading\" data-id=\"5590c83\" data-element_type=\"widget\" data-widget_type=\"heading.default\">\n\t\t\t\t<div class=\"elementor-widget-container\">\n\t\t\t\t\t<h1 class=\"elementor-heading-title elementor-size-default\">EXESTUDI es un peque\u00f1o estudio de dise\u00f1o especializado en identidad visual, editorial y web, que cree en la fuerza de las ideas bien articuladas para elaborar proyectos con un relato visual s\u00f3lido, claro, huyendo de ornamentaciones est\u00e9riles. Con una firme convicci\u00f3n por la simplicificaci\u00f3n, cada proyecto es una oportunidad de aprendizaje. <\/h1>\t\t\t\t<\/div>\n\t\t\t\t<\/div>\n\t\t\t\t<div class=\"elementor-element elementor-element-2fb623c1 elementor-widget elementor-widget-text-editor\" data-id=\"2fb623c1\" data-element_type=\"widget\" data-widget_type=\"text-editor.default\">\n\t\t\t\t<div class=\"elementor-widget-container\">\n\t\t\t\t\t\t\t\t\t<p><a href=\"https:\/\/www.exestudi.com\/estudi\/\">Saber m\u00e1s sobre EXESTUDI<\/a>. <a href=\"https:\/\/www.exestudi.com\/projectes\/\">Ver los proyectos<\/a>.<a href=\"#footer@\"> Contactar con nosotros<\/a>.<\/p>\t\t\t\t\t\t\t\t<\/div>\n\t\t\t\t<\/div>\n\t\t\t\t\t<\/div>\n\t\t\t\t<\/div>\n\t\t<div class=\"elementor-element elementor-element-a450b02 e-flex e-con-boxed e-con e-parent\" data-id=\"a450b02\" data-element_type=\"container\" data-settings=\"{&quot;background_background&quot;:&quot;slideshow&quot;,&quot;background_slideshow_gallery&quot;:[{&quot;id&quot;:2379,&quot;url&quot;:&quot;http:\\\/\\\/www.exestudi.com\\\/wp-content\\\/uploads\\\/2026\\\/03\\\/Macbook_1-2-scaled.jpg&quot;},{&quot;id&quot;:886,&quot;url&quot;:&quot;http:\\\/\\\/www.exestudi.com\\\/wp-content\\\/uploads\\\/2025\\\/03\\\/RMM4352-1.jpg&quot;},{&quot;id&quot;:852,&quot;url&quot;:&quot;http:\\\/\\\/www.exestudi.com\\\/wp-content\\\/uploads\\\/2025\\\/03\\\/JagerDeer.jpg&quot;},{&quot;id&quot;:762,&quot;url&quot;:&quot;http:\\\/\\\/www.exestudi.com\\\/wp-content\\\/uploads\\\/2025\\\/03\\\/Ampolla_2_horitz-scaled.jpg&quot;},{&quot;id&quot;:460,&quot;url&quot;:&quot;http:\\\/\\\/www.exestudi.com\\\/wp-content\\\/uploads\\\/2025\\\/02\\\/Animales_ejemplares_portada-2000x1440-1.jpg&quot;},{&quot;id&quot;:802,&quot;url&quot;:&quot;http:\\\/\\\/www.exestudi.com\\\/wp-content\\\/uploads\\\/2025\\\/03\\\/Logo.jpg&quot;}],&quot;background_slideshow_lazyload&quot;:&quot;yes&quot;,&quot;background_slideshow_ken_burns&quot;:&quot;yes&quot;,&quot;background_slideshow_loop&quot;:&quot;yes&quot;,&quot;background_slideshow_slide_duration&quot;:5000,&quot;background_slideshow_slide_transition&quot;:&quot;fade&quot;,&quot;background_slideshow_transition_duration&quot;:500,&quot;background_slideshow_ken_burns_zoom_direction&quot;:&quot;in&quot;}\">\n\t\t\t\t\t<div class=\"e-con-inner\">\n\t\t\t\t\t<\/div>\n\t\t\t\t<\/div>\n\t\t<div class=\"elementor-element elementor-element-92c54a6 e-con-full e-flex e-con e-parent\" data-id=\"92c54a6\" data-element_type=\"container\" data-settings=\"{&quot;background_background&quot;:&quot;classic&quot;}\">\n\t\t<div class=\"elementor-element elementor-element-4fce94c e-con-full e-flex elementor-invisible e-con e-child\" data-id=\"4fce94c\" data-element_type=\"container\" data-settings=\"{&quot;motion_fx_motion_fx_scrolling&quot;:&quot;yes&quot;,&quot;animation&quot;:&quot;fadeInUp&quot;,&quot;motion_fx_devices&quot;:[&quot;desktop&quot;,&quot;laptop&quot;,&quot;tablet&quot;,&quot;mobile&quot;]}\">\n\t\t\t\t<div class=\"elementor-element elementor-element-a3400e0 elementor-widget elementor-widget-heading\" data-id=\"a3400e0\" data-element_type=\"widget\" data-widget_type=\"heading.default\">\n\t\t\t\t<div class=\"elementor-widget-container\">\n\t\t\t\t\t<h2 class=\"elementor-heading-title elementor-size-default\">EX Shop<\/h2>\t\t\t\t<\/div>\n\t\t\t\t<\/div>\n\t\t\t\t<\/div>\n\t\t\t\t<\/div>\n\t\t<div class=\"elementor-element elementor-element-3dc65dd e-flex e-con-boxed e-con e-parent\" data-id=\"3dc65dd\" data-element_type=\"container\" data-settings=\"{&quot;background_background&quot;:&quot;classic&quot;}\">\n\t\t\t\t\t<div class=\"e-con-inner\">\n\t\t\t\t<div class=\"elementor-element elementor-element-9b89cd5 elementor-invisible elementor-widget elementor-widget-text-editor\" data-id=\"9b89cd5\" data-element_type=\"widget\" data-settings=\"{&quot;_animation&quot;:&quot;fadeInUp&quot;}\" data-widget_type=\"text-editor.default\">\n\t\t\t\t<div class=\"elementor-widget-container\">\n\t\t\t\t\t\t\t\t\t<p>Porque creo en el reciclaje y la reutilizaci\u00f3n de las ideas, pongo a la venta parte de mi trabajo bajo demanda. Damos una segunda vida a proyectos personales y encargos convirti\u00e9ndolos en l\u00e1minas, tazas, tote bags, etc\u2026 <\/p><p>Si te interesa alguna de las piezas, cont\u00e1ctame en <a href=\"mailto:shop@exestudi.com\">shop@exestudi.com<\/a>.<\/p>\t\t\t\t\t\t\t\t<\/div>\n\t\t\t\t<\/div>\n\t\t\t\t\t<\/div>\n\t\t\t\t<\/div>\n\t\t\t\t<\/div>\n\t\t","protected":false},"excerpt":{"rendered":"<p>EXESTUDI es un peque\u00f1o estudio de dise\u00f1o especializado en identidad visual, editorial y web, que cree en la fuerza de las ideas bien articuladas para elaborar proyectos con un relato visual s\u00f3lido, claro, huyendo de ornamentaciones est\u00e9riles. Con una firme convicci\u00f3n por la simplicificaci\u00f3n, cada proyecto es una oportunidad de aprendizaje. Saber m\u00e1s sobre EXESTUDI. [&hellip;]<\/p>\n","protected":false},"author":1,"featured_media":0,"parent":0,"menu_order":0,"comment_status":"closed","ping_status":"closed","template":"elementor_header_footer","meta":{"_acf_changed":false,"footnotes":""},"class_list":["post-496","page","type-page","status-publish","hentry"],"acf":[],"yoast_head":"<!-- This site is optimized with the Yoast SEO plugin v26.6 - https:\/\/yoast.com\/wordpress\/plugins\/seo\/ -->\n<title>Inicio - Ex Estudi<\/title>\n<meta name=\"description\" content=\"EXESTUDI es un peque\u00f1o estudio de dise\u00f1o especializado en identidad visual, editorial y web, que cree en la fuerza de las ideas.\" \/>\n<meta name=\"robots\" content=\"index, follow, max-snippet:-1, max-image-preview:large, max-video-preview:-1\" \/>\n<link rel=\"canonical\" href=\"http:\/\/www.exestudi.com\/es\/\" \/>\n<meta property=\"og:locale\" content=\"es_ES\" \/>\n<meta property=\"og:type\" content=\"article\" \/>\n<meta property=\"og:title\" content=\"Inicio - Ex Estudi\" \/>\n<meta property=\"og:description\" content=\"EXESTUDI es un peque\u00f1o estudio de dise\u00f1o especializado en identidad visual, editorial y web, que cree en la fuerza de las ideas.\" \/>\n<meta property=\"og:url\" content=\"http:\/\/www.exestudi.com\/es\/\" \/>\n<meta property=\"og:site_name\" content=\"Ex Estudi\" \/>\n<meta property=\"article:modified_time\" content=\"2026-03-16T10:11:54+00:00\" \/>\n<meta name=\"twitter:card\" content=\"summary_large_image\" \/>\n<meta name=\"twitter:label1\" content=\"Tiempo de lectura\" \/>\n\t<meta name=\"twitter:data1\" content=\"1 minuto\" \/>\n<script type=\"application\/ld+json\" class=\"yoast-schema-graph\">{\"@context\":\"https:\/\/schema.org\",\"@graph\":[{\"@type\":\"WebPage\",\"@id\":\"http:\/\/www.exestudi.com\/es\/\",\"url\":\"http:\/\/www.exestudi.com\/es\/\",\"name\":\"Inicio - Ex Estudi\",\"isPartOf\":{\"@id\":\"http:\/\/www.exestudi.com\/#website\"},\"datePublished\":\"2025-02-20T12:50:54+00:00\",\"dateModified\":\"2026-03-16T10:11:54+00:00\",\"description\":\"EXESTUDI es un peque\u00f1o estudio de dise\u00f1o especializado en identidad visual, editorial y web, que cree en la fuerza de las ideas.\",\"breadcrumb\":{\"@id\":\"http:\/\/www.exestudi.com\/es\/#breadcrumb\"},\"inLanguage\":\"es\",\"potentialAction\":[{\"@type\":\"ReadAction\",\"target\":[\"http:\/\/www.exestudi.com\/es\/\"]}]},{\"@type\":\"BreadcrumbList\",\"@id\":\"http:\/\/www.exestudi.com\/es\/#breadcrumb\",\"itemListElement\":[{\"@type\":\"ListItem\",\"position\":1,\"name\":\"Inici\",\"item\":\"http:\/\/www.exestudi.com\/es\/\"},{\"@type\":\"ListItem\",\"position\":2,\"name\":\"Inicio\"}]},{\"@type\":\"WebSite\",\"@id\":\"http:\/\/www.exestudi.com\/#website\",\"url\":\"http:\/\/www.exestudi.com\/\",\"name\":\"Ex Estudi\",\"description\":\"Estudi de disseny especialitzat en identitat visual, editorial i web\",\"publisher\":{\"@id\":\"http:\/\/www.exestudi.com\/#organization\"},\"potentialAction\":[{\"@type\":\"SearchAction\",\"target\":{\"@type\":\"EntryPoint\",\"urlTemplate\":\"http:\/\/www.exestudi.com\/?s={search_term_string}\"},\"query-input\":{\"@type\":\"PropertyValueSpecification\",\"valueRequired\":true,\"valueName\":\"search_term_string\"}}],\"inLanguage\":\"es\"},{\"@type\":\"Organization\",\"@id\":\"http:\/\/www.exestudi.com\/#organization\",\"name\":\"Ex Estudi\",\"url\":\"http:\/\/www.exestudi.com\/\",\"logo\":{\"@type\":\"ImageObject\",\"inLanguage\":\"es\",\"@id\":\"http:\/\/www.exestudi.com\/#\/schema\/logo\/image\/\",\"url\":\"http:\/\/www.exestudi.com\/wp-content\/uploads\/2025\/02\/logo_negre.svg\",\"contentUrl\":\"http:\/\/www.exestudi.com\/wp-content\/uploads\/2025\/02\/logo_negre.svg\",\"width\":302,\"height\":51,\"caption\":\"Ex Estudi\"},\"image\":{\"@id\":\"http:\/\/www.exestudi.com\/#\/schema\/logo\/image\/\"}}]}<\/script>\n<!-- \/ Yoast SEO plugin. -->","yoast_head_json":{"title":"Inicio - Ex Estudi","description":"EXESTUDI es un peque\u00f1o estudio de dise\u00f1o especializado en identidad visual, editorial y web, que cree en la fuerza de las ideas.","robots":{"index":"index","follow":"follow","max-snippet":"max-snippet:-1","max-image-preview":"max-image-preview:large","max-video-preview":"max-video-preview:-1"},"canonical":"http:\/\/www.exestudi.com\/es\/","og_locale":"es_ES","og_type":"article","og_title":"Inicio - Ex Estudi","og_description":"EXESTUDI es un peque\u00f1o estudio de dise\u00f1o especializado en identidad visual, editorial y web, que cree en la fuerza de las ideas.","og_url":"http:\/\/www.exestudi.com\/es\/","og_site_name":"Ex Estudi","article_modified_time":"2026-03-16T10:11:54+00:00","twitter_card":"summary_large_image","twitter_misc":{"Tiempo de lectura":"1 minuto"},"schema":{"@context":"https:\/\/schema.org","@graph":[{"@type":"WebPage","@id":"http:\/\/www.exestudi.com\/es\/","url":"http:\/\/www.exestudi.com\/es\/","name":"Inicio - Ex Estudi","isPartOf":{"@id":"http:\/\/www.exestudi.com\/#website"},"datePublished":"2025-02-20T12:50:54+00:00","dateModified":"2026-03-16T10:11:54+00:00","description":"EXESTUDI es un peque\u00f1o estudio de dise\u00f1o especializado en identidad visual, editorial y web, que cree en la fuerza de las ideas.","breadcrumb":{"@id":"http:\/\/www.exestudi.com\/es\/#breadcrumb"},"inLanguage":"es","potentialAction":[{"@type":"ReadAction","target":["http:\/\/www.exestudi.com\/es\/"]}]},{"@type":"BreadcrumbList","@id":"http:\/\/www.exestudi.com\/es\/#breadcrumb","itemListElement":[{"@type":"ListItem","position":1,"name":"Inici","item":"http:\/\/www.exestudi.com\/es\/"},{"@type":"ListItem","position":2,"name":"Inicio"}]},{"@type":"WebSite","@id":"http:\/\/www.exestudi.com\/#website","url":"http:\/\/www.exestudi.com\/","name":"Ex Estudi","description":"Estudi de disseny especialitzat en identitat visual, editorial i web","publisher":{"@id":"http:\/\/www.exestudi.com\/#organization"},"potentialAction":[{"@type":"SearchAction","target":{"@type":"EntryPoint","urlTemplate":"http:\/\/www.exestudi.com\/?s={search_term_string}"},"query-input":{"@type":"PropertyValueSpecification","valueRequired":true,"valueName":"search_term_string"}}],"inLanguage":"es"},{"@type":"Organization","@id":"http:\/\/www.exestudi.com\/#organization","name":"Ex Estudi","url":"http:\/\/www.exestudi.com\/","logo":{"@type":"ImageObject","inLanguage":"es","@id":"http:\/\/www.exestudi.com\/#\/schema\/logo\/image\/","url":"http:\/\/www.exestudi.com\/wp-content\/uploads\/2025\/02\/logo_negre.svg","contentUrl":"http:\/\/www.exestudi.com\/wp-content\/uploads\/2025\/02\/logo_negre.svg","width":302,"height":51,"caption":"Ex Estudi"},"image":{"@id":"http:\/\/www.exestudi.com\/#\/schema\/logo\/image\/"}}]}},"_links":{"self":[{"href":"http:\/\/www.exestudi.com\/es\/wp-json\/wp\/v2\/pages\/496","targetHints":{"allow":["GET"]}}],"collection":[{"href":"http:\/\/www.exestudi.com\/es\/wp-json\/wp\/v2\/pages"}],"about":[{"href":"http:\/\/www.exestudi.com\/es\/wp-json\/wp\/v2\/types\/page"}],"author":[{"embeddable":true,"href":"http:\/\/www.exestudi.com\/es\/wp-json\/wp\/v2\/users\/1"}],"replies":[{"embeddable":true,"href":"http:\/\/www.exestudi.com\/es\/wp-json\/wp\/v2\/comments?post=496"}],"version-history":[{"count":7,"href":"http:\/\/www.exestudi.com\/es\/wp-json\/wp\/v2\/pages\/496\/revisions"}],"predecessor-version":[{"id":2383,"href":"http:\/\/www.exestudi.com\/es\/wp-json\/wp\/v2\/pages\/496\/revisions\/2383"}],"wp:attachment":[{"href":"http:\/\/www.exestudi.com\/es\/wp-json\/wp\/v2\/media?parent=496"}],"curies":[{"name":"wp","href":"https:\/\/api.w.org\/{rel}","templated":true}]}}